{"id":48,"date":"2026-01-19T14:04:46","date_gmt":"2026-01-19T14:04:46","guid":{"rendered":"https:\/\/arrasactif.com\/?page_id=48"},"modified":"2026-02-04T09:55:13","modified_gmt":"2026-02-04T09:55:13","slug":"notre-projet","status":"publish","type":"page","link":"https:\/\/arrasactif.com\/index.php\/notre-projet\/","title":{"rendered":"Notre Projet"},"content":{"rendered":"\n<p>Des mesures utiles, mesurables, au service des habitants et de tous les quartiers.<\/p>\n\n\n\n<p><strong>LOGEMENT<\/strong><\/p>\n\n\n\n<p>Remettre les logements vacants sur le march\u00e9, s\u00e9curiser l\u2019acc\u00e8s \u00e0 la location, lancer un plan de r\u00e9novation pour r\u00e9duire les factures, et r\u00e9duire la pression des locations saisonni\u00e8res pour faire respirer le march\u00e9 et retrouver des prix plus abordables.<\/p>\n\n\n\n<p><strong>COMMERCE<\/strong><\/p>\n\n\n\n<p>Remplir les cellules vides, faciliter l\u2019arriv\u00e9e d\u2019offres manquantes et soutenir les artisans et ind\u00e9pendants.<br>Faire en sorte que les \u00e9v\u00e9nements profitent directement aux commer\u00e7ants (partenariats, circuits, retomb\u00e9es locales) et d\u00e9velopper des \u00e9v\u00e9nements saisonniers toute l\u2019ann\u00e9e.<\/p>\n\n\n\n<p><strong>STATIONNEMENT<\/strong><\/p>\n\n\n\n<p>Un acc\u00e8s simple, lisible et mieux organis\u00e9 au quotidien, et une gestion renforc\u00e9e lors des grands \u00e9v\u00e9nements pour absorber le flux de visiteurs sans bloquer la ville.<br>Mobilit\u00e9s douces : d\u00e9velopper un r\u00e9seau continu, s\u00e9curis\u00e9 et \u00e9clair\u00e9 de pistes cyclables reliant tous les quartiers, avec un meilleur acc\u00e8s au v\u00e9lo (dont \u00e9lectrique).<\/p>\n\n\n\n<p><strong>PRESSION FISCALE &amp; MOBILIT\u00c9 <\/strong><\/p>\n\n\n\n<p>Baisser la pression fiscale en ma\u00eetrisant les d\u00e9penses et en recherchant des \u00e9conomies de fonctionnement, pour \u00e9viter que l\u2019imp\u00f4t local soit la variable d\u2019ajustement. Mettre en place un \u201ccoup de pouce mobilit\u00e9\u201d pour les Arrageois qui travaillent hors de la ville (notamment abonnements TGV\/TER vers les grands p\u00f4les), afin de r\u00e9duire le reste \u00e0 charge, en compl\u00e9ment de la prise en charge employeur.<\/p>\n\n\n\n<p><strong>CADRE DE VIE ET S\u00c9CURIT\u00c9<\/strong> <\/p>\n\n\n\n<p>Renforcer la propret\u00e9 et la s\u00e9curit\u00e9 dans chaque quartier, avec une priorit\u00e9 : plus de pr\u00e9sence sur le terrain et une r\u00e9ponse rapide aux incivilit\u00e9s.<\/p>\n\n\n\n<p><strong>Nous lancerons un Plan S\u00e9curit\u00e9 &amp; Tranquillit\u00e9 (objectifs, calendrier, moyens), co-construit avec les agents et suivi trimestriellement par quartier <\/strong><br><br><strong>Police municipale<\/strong> : patrouilles renforc\u00e9es aux heures cl\u00e9s, plan de modernisation et de renouvellement des \u00e9quipements, cam\u00e9ras-pi\u00e9tons.<br><br><strong>M\u00e9diateurs urbains<\/strong> : pr\u00e9vention et apaisement, en compl\u00e9ment.<br><br><strong>Trajets du quotidien<\/strong> : pr\u00e9sence aux entr\u00e9es\/sorties d\u2019\u00e9coles, \u00e9clairage et s\u00e9curisation des points sensibles.<br><br><strong>Points noirs <\/strong>: traitement prioritaire des nuisances et d\u00e9gradations, avec suivi jusqu\u2019\u00e0 r\u00e9solution.<\/p>\n\n\n\n<p><strong>Transparence<\/strong> : publication d\u2019indicateurs simples (pr\u00e9sence terrain, points noirs r\u00e9solus, d\u00e9lais de traitement).<\/p>\n\n\n\n<p><strong>ACCESSIBILIT\u00c9<\/strong> <br><br>Renforcer et g\u00e9n\u00e9raliser l\u2019acc\u00e8s PMR \u00e0 Arras, au quotidien et lors des \u00e9v\u00e9nements. Cheminements plus continus, passages pi\u00e9tons mieux adapt\u00e9s et places PMR mieux situ\u00e9es et mieux respect\u00e9es. Mettre en place une r\u00e8gle simple et syst\u00e9matique pour chaque \u00e9v\u00e9nement (itin\u00e9raires PMR balis\u00e9s, zones r\u00e9serv\u00e9es, sanitaires accessibles, information claire)<\/p>\n\n\n\n<p><strong>\u00c9COLOGIE DU QUOTIDIEN<\/strong><\/p>\n\n\n\n<p>Simplifier le tri et rendre la ville plus propre, avec des points de collecte mieux adapt\u00e9s et une r\u00e9ponse rapide quand \u00e7a d\u00e9borde. G\u00e9n\u00e9raliser une solution biod\u00e9chets pour tous : composteurs facilit\u00e9s et compostage partag\u00e9 en quartier et en habitat collectif, pour r\u00e9duire les poubelles et valoriser localement.<\/p>\n\n\n\n<p><strong>SOLIDARIT\u00c9 SENIORS<\/strong><\/p>\n\n\n\n<p>L\u2019isolement ne fait pas de bruit, mais il ab\u00eeme des vies. Nous mettrons en place une veille de proximit\u00e9, toute l\u2019ann\u00e9e, pour les seniors et les personnes isol\u00e9es sans famille : appels r\u00e9guliers, visites de courtoisie et orientation vers le CCAS, le CLIC et les associations. Les m\u00e9diateurs urbains contribueront au rep\u00e9rage et au premier contact, ainsi qu&rsquo;au suivi quartier par quartier, avec un signalement simple  et des solutions de r\u00e9pit pour les aidants, pour que personne ne reste seul. Car la solitude, c\u2019est quand on n\u2019a plus personne \u00e0 qui parler  et \u00e7a, nous pouvons le changer.<\/p>\n\n\n\n<p><strong>SANT\u00c9 ET ACC\u00c8S AUX SOINS<\/strong><\/p>\n\n\n\n<p>Faciliter l\u2019acc\u00e8s \u00e0 un m\u00e9decin et r\u00e9duire les d\u00e9lais, en renfor\u00e7ant l\u2019attractivit\u00e9 m\u00e9dicale et en soutenant les structures d\u00e9j\u00e0 en place (maisons de sant\u00e9, CPTS) pour mieux orienter les habitants vers les soins non programm\u00e9s.  Mettre en place un guichet municipal d\u2019appui \u201cAcc\u00e8s aux soins\u201d (information, orientation, d\u00e9marches) et un volet sant\u00e9 mentale de proximit\u00e9, en lien avec l\u2019h\u00f4pital, l\u2019Universit\u00e9 et les acteurs du territoire.<\/p>\n\n\n\n<p><strong>FAMILLES,  ENFANCE ET  JEUNESSE<\/strong><\/p>\n\n\n\n<p>Faciliter la vie des parents avec plus de solutions de garde, adapt\u00e9es \u00e0 la r\u00e9alit\u00e9 du travail. Renforcer l\u2019acc\u00e8s aux places en cr\u00e8che et chez les assistantes maternelles agr\u00e9\u00e9es, en s\u2019appuyant sur l\u2019existant et en cr\u00e9ant de nouvelles places l\u00e0 o\u00f9 \u00e7a manque. D\u00e9velopper des solutions pour les horaires atypiques (t\u00f4t le matin, tard le soir, week-end) et, quand c\u2019est n\u00e9cessaire, une solution de nuit encadr\u00e9e . Mettre en place un dispositif prioritaire pour les m\u00e9tiers indispensables (soignants, forces de s\u00e9curit\u00e9, agents de service public) avec des places d\u00e9di\u00e9es et de l\u2019accueil d\u2019urgence, pour que travailler ne soit plus un casse-t\u00eate quand on a des enfants.<\/p>\n\n\n\n<p><strong>CULTURE ET VIE ASSOCIATIVE <\/strong><br><br>Faire d\u2019Arras une ville qui vit toute l\u2019ann\u00e9e, dans chaque quartier. Soutenir les associations et les clubs qui cr\u00e9ent du lien, avec des aides plus simples, des acc\u00e8s facilit\u00e9s aux salles et \u00e9quipements, et une vraie reconnaissance de l\u2019engagement b\u00e9n\u00e9vole. Relancer l\u2019animation locale avec des \u00e9v\u00e9nements de quartier r\u00e9guliers (march\u00e9s, culture, sport, jeunesse) et une programmation plus lisible, pour dynamiser le centre-ville comme les quartiers. Valoriser la vie \u00e9tudiante et les initiatives locales, pour une ville plus vivante, plus attractive et plus fi\u00e8re de ses talents.<\/p>\n\n\n\n<p><strong>BUDGET PARTICIPATIF<\/strong><\/p>\n\n\n\n<p>Nous doublerons l\u2019enveloppe du budget participatif et nous rel\u00e8verons le plafond par projet pour financer des r\u00e9alisations plus concr\u00e8tes et plus visibles (pas seulement des \u201cpetits am\u00e9nagements\u201d). Objectif : moins de micro-projets, plus de projets utiles, structurants et livr\u00e9s rapidement, quartier par quartier. <\/p>\n","protected":false},"excerpt":{"rendered":"<p>Des mesures utiles, mesurables, au service des habitants et de tous les quartiers. LOGEMENT Remettre les logements vacants sur le march\u00e9, s\u00e9curiser l\u2019acc\u00e8s \u00e0 la location, lancer un plan de r\u00e9novation pour r\u00e9duire les factures, et r\u00e9duire la pression des locations saisonni\u00e8res pour faire respirer le march\u00e9 et retrouver des prix plus abordables. COMMERCE Remplir &hellip; <\/p>\n<p class=\"link-more\"><a href=\"https:\/\/arrasactif.com\/index.php\/notre-projet\/\" class=\"more-link\">Continuer la lecture<span class=\"screen-reader-text\"> de &laquo;&nbsp;Notre Projet&nbsp;&raquo;<\/span><\/a><\/p>\n","protected":false},"author":1,"featured_media":0,"parent":0,"menu_order":0,"comment_status":"closed","ping_status":"closed","template":"","meta":{"footnotes":""},"class_list":["post-48","page","type-page","status-publish","hentry"],"_links":{"self":[{"href":"https:\/\/arrasactif.com\/index.php\/wp-json\/wp\/v2\/pages\/48","targetHints":{"allow":["GET"]}}],"collection":[{"href":"https:\/\/arrasactif.com\/index.php\/wp-json\/wp\/v2\/pages"}],"about":[{"href":"https:\/\/arrasactif.com\/index.php\/wp-json\/wp\/v2\/types\/page"}],"author":[{"embeddable":true,"href":"https:\/\/arrasactif.com\/index.php\/wp-json\/wp\/v2\/users\/1"}],"replies":[{"embeddable":true,"href":"https:\/\/arrasactif.com\/index.php\/wp-json\/wp\/v2\/comments?post=48"}],"version-history":[{"count":9,"href":"https:\/\/arrasactif.com\/index.php\/wp-json\/wp\/v2\/pages\/48\/revisions"}],"predecessor-version":[{"id":68,"href":"https:\/\/arrasactif.com\/index.php\/wp-json\/wp\/v2\/pages\/48\/revisions\/68"}],"wp:attachment":[{"href":"https:\/\/arrasactif.com\/index.php\/wp-json\/wp\/v2\/media?parent=48"}],"curies":[{"name":"wp","href":"https:\/\/api.w.org\/{rel}","templated":true}]}}